{"id":1264,"date":"2017-05-27T16:44:46","date_gmt":"2017-05-27T14:44:46","guid":{"rendered":"http:\/\/www.moderaffeiner.it\/privacy-cookies\/"},"modified":"2024-01-23T09:54:44","modified_gmt":"2024-01-23T08:54:44","slug":"privacy-cookies","status":"publish","type":"page","link":"https:\/\/www.moderaffeiner.it\/it\/privacy-cookies\/","title":{"rendered":"Privacy &#038; Cookies"},"content":{"rendered":"<div id=\"\">\n<p><strong>Was sind Cookies?<\/strong><\/p>\n<p>Ein Cookie ist eine Textinformation, die die besuchte Website \u00fcber den Browser im Rechner des Betrachters platziert. Der Cookie wird entweder vom Webserver an den gesendet oder von einem Skript in der Website erzeugt. Der Client sendet die Cookie-Information bei sp\u00e4teren, neuen Besuchen dieser Seite mit jeder Anforderung wieder an den Server.<\/p>\n<p>Damit bei Webanwendungen Benutzeraktionen und -eingaben, die f\u00fcr den Server bestimmt sind, bei Abbr\u00fcchen der Verbindung zum Server (zum Beispiel in Mobilfunknetzen) nicht verlorengehen, k\u00f6nnen Cookies zur Zwischenspeicherung eingesetzt werden. Bei Wiederherstellung der Verbindung werden sie vom Server abgefragt. Die Webanwendung erkennt dabei die Reihenfolge, in der die Cookies erzeugt wurden, und markiert bereits verarbeitete Cookies oder l\u00f6scht deren Inhalt.<\/p>\n<p>Ein Kompromiss zwischen den Vor- und Nachteilen von Cookies kann erzielt werden, indem man seinen Browser so konfiguriert, dass persistente Cookies nicht oder nur gegen R\u00fcckfrage zugelassen werden, was etwa die Erstellung von Benutzerprofilen erschwert, und Sitzungs-Cookies automatisch zugelassen werden, beispielsweise f\u00fcr Webeink\u00e4ufe, Passw\u00f6rter. Au\u00dferdem bieten die meisten Browser die M\u00f6glichkeit, Cookies selektiv f\u00fcr bestimmte Domains zu erlauben bzw. zu sperren oder nach dem Surfen automatisch zu l\u00f6schen, wie es automatisch bei Sitzungs-Cookies geschieht.<\/p>\n<p>(Quelle: <a href=\"http:\/\/de.wikipedia.org\/wiki\/HTTP-Cookie\" target=\"_blank\" rel=\"noopener noreferrer\">Wikipedia<\/a>)<\/p>\n<p><strong>Welche Cookies werden verwendet und zu welchem Zweck?<\/strong><\/p>\n<p><strong>Navigationscookies<\/strong><br \/>\nNavigations-Cookies sind f\u00fcr die Navigation und das Funktionieren der Website unerl\u00e4sslich. Ohne diese Cookies k\u00f6nnen Sie eventuell nicht auf alle Funktionen zugreifen oder sie sind nicht verf\u00fcgbar. Diese Cookies erlauben es Besucher zu identifizieren.<\/p>\n<p><strong>Leistungscookies<\/strong><br \/>\nDiese Cookies k\u00f6nnen von uns oder von einem Partner kommen; es handelt sich dabei um Sitzungscookies oder um permanente Cookies. So k\u00f6nnen wir die Inhalte unserer Websites gezielter auf Ihre Bed\u00fcrfnisse abstimmen und somit unser Angebot f\u00fcr Sie verbessern. Die gesammelten Informationen, werden anonym zusammengefasst und dienen zur Verbesserung der Website.<\/p>\n<p><strong>Funktionscookies<\/strong><br \/>\nFunktions-Cookies werden \u00fcblicherweise nach einer Handlung des Benutzers auf seinem Computer gesetzt, jedoch k\u00f6nnen sie auch empfangen werden, ohne dass diese extra angefordert wurden. Dar\u00fcber hinaus erlauben diese Cookies der Website, Entscheidungen des Benutzers nachzuhalten. Funktions-Cookies erlauben es uns, Informationen zu Ihren Einstellungen zu speichern und Ihnen direkt die von Ihnen gew\u00e4hlten personalisierten Funktionen und Verbesserungen anzubieten.<\/p>\n<p><strong>Cookies von Dritten f\u00fcr Marketing-\/Retargetingzwecke<\/strong><\/p>\n<p><strong>Zielgerichtete Werbe-Cookies von Drittanbietern<\/strong><br \/>\nwerden eingesetzt, um unsere Werbung einzublenden, wenn Sie andere Websites besuchen. Diese Cookies k\u00f6nnen auch eingesetzt werden, um Produkte zu bewerben, die Sie eventuell interessieren oder die anderen Produkten \u00e4hneln, die Sie sich bereits angeschaut haben. Diese Cookies sind nicht mit der Bearbeitung personenbezogener Angaben verbunden, k\u00f6nnen aber den Zugriff auf den Browser zulassen, der auf Ihrem Endger\u00e4t installiert ist.<\/p>\n<p><strong>Cookies deaktivieren<\/strong><br \/>\nBenutzer haben die M\u00f6glichkeit, Cookies zu deaktivieren, die bereits auf ihrem Ender\u00e4t installiert sind. Diese Option gilt f\u00fcr \u201etechnische Cookies\u201c (Art. 122 des italienischen Datenschutzgesetzes) und andere Cookies, die Benutzer zuvor aktiviert haben. Der Benutzer kann Cookies anhand von Browsereinstellungen deaktivieren und\/oder l\u00f6schen.<\/p>\n<p><strong>So deaktivieren Sie Cookies:<\/strong><br \/>\nMozilla Firefox<br \/>\n\u2022 <a href=\"http:\/\/mzl.la\/1h1odkm\" target=\"_blank\" rel=\"noopener noreferrer\">Cookies l\u00f6schen<\/a><br \/>\n\u2022 <a href=\"http:\/\/mzl.la\/1BAQFQq\" target=\"_blank\" rel=\"noopener noreferrer\">Cookies deaktivieren<\/a><br \/>\nGoogle Chrome<br \/>\n\u2022 <a href=\"https:\/\/support.google.com\/accounts\/answer\/32050?hl=de\" target=\"_blank\" rel=\"noopener noreferrer\">Cookies l\u00f6schen<\/a><br \/>\n\u2022 <a href=\"https:\/\/support.google.com\/accounts\/answer\/61416?hl=de\" target=\"_blank\" rel=\"noopener noreferrer\">Cookies deaktivieren<\/a><br \/>\nSafari (Mac)<br \/>\n\u2022 <a href=\"https:\/\/support.apple.com\/kb\/PH19214?viewlocale=de_DE&amp;locale=de_DE\" target=\"_blank\" rel=\"noopener noreferrer\">Cookies l\u00f6schen und blockieren<\/a><br \/>\nInternet Explorer<br \/>\n\u2022 <a href=\"http:\/\/windows.microsoft.com\/de-de\/internet-explorer\/delete-manage-cookies#ie=ie-11\" target=\"_blank\" rel=\"noopener noreferrer\">Cookies l\u00f6schen<\/a><br \/>\n\u2022 <a href=\"http:\/\/windows.microsoft.com\/de-de\/windows-vista\/block-or-allow-cookies\" target=\"_blank\" rel=\"noopener noreferrer\">Cookies deaktivieren<\/a><br \/>\nOpera<br \/>\n\u2022 <a href=\"http:\/\/help.opera.com\/Windows\/12.10\/en\/cookies.html\" target=\"_blank\" rel=\"noopener noreferrer\">Cookies l\u00f6schen und deaktivieren<\/a><br \/>\niOS<br \/>\n\u2022 <a href=\"https:\/\/support.apple.com\/de-de\/HT1677\" target=\"_blank\" rel=\"noopener noreferrer\">Cookies l\u00f6schen und blockieren<\/a><\/p>\n<p><strong>Google Cookies:<\/strong><br \/>\n__utma, unbegrenzt: Dieser Cookie beinhaltet die Informationen dar\u00fcber, wann der Besucher das erste Mal auf der Seite war, wie oft er sie besucht hat, und wann er sie das letzte Mal aufgerufen hat.<br \/>\n__utmb, bis zum Ende der Session: Dieser Cookie enth\u00e4lt einen Zeitstempel wann der Besucher die Seite aufgerufen hat. Zusammen mit __utmc kann dieser Cookie Auskunft \u00fcber die Aufenthaltsdauer des Besuchers auf einer Seite geben.<br \/>\n__utmc, 30 Minuten: Dieser Cookie enth\u00e4lt einen Zeitstempel wann der Besucher die Seite verlassen hat. Zusammen mit __utmb kann dieser Cookie Auskunft \u00fcber die Aufenthaltsdauer des Besuchers auf einer Seite geben.<br \/>\n__utmk, unbegrenzt: Dieser Cookie beinhaltet einen Hashwert \u00fcber alle hier genannten UTM-Cookies.<br \/>\n__utmv, unbegrenzt: Dieser Cookie ist f\u00fcr individuelle Inhalte gedacht, kann frei belegt werden und dient somit der Steuerung benutzerdefinierter Analysen.<br \/>\n__utmx, 2 Jahre: Dieser Cookie beinhaltet Werte des Google Website Optimizers.<br \/>\n__utmz, 6 Monate: Dieser Cookie beinhaltet Informationen dar\u00fcber, woher der Besucher kam bevor er die zu analysierende Seite aufgerufen hat. Darin k\u00f6nnen beispielsweise Informationen \u00fcber Suchmaschinen und die dort eingegebenen Suchbegriffe gespeichert sein, oder wo auf der Erde sich die aufrufende IP-Adresse befindet.<\/p>\n<p>(Quelle: <a href=\"http:\/\/de.wikipedia.org\/wiki\/Urchin_Tracking_Monitor\" target=\"_blank\" rel=\"noopener noreferrer\">Wikipedia<\/a>)<\/p>\n<p><strong>Weitere Google Cookies:<\/strong><br \/>\n_ga, 2 Jahre: Wird verwendet, um Benutzer zu unterscheiden<br \/>\n_gat, 10 min: Wird verwendet um Tracker Objekte zu generieren<br \/>\nztdst, Sitzung; beinhaltet einen eindeutigen Hash-Wert pro Besucher und speichert die _utm-Cookies von Google. Zus\u00e4tzlich wird die IP Adresse, die Browsersprache und die Einstiegsseite abgespeichert.<\/p>\n<\/div>\n","protected":false},"excerpt":{"rendered":"Was sind Cookies? Ein Cookie ist eine Textinformation, die die besuchte Website \u00fcber den Browser im Rechner des Betrachters platziert. Der Cookie wird entweder vom Webserver an den gesendet oder von einem Skript in der Website erzeugt. Der Client sendet die Cookie-Information bei sp\u00e4teren, neuen Besuchen dieser Seite mit jeder Anforderung wieder an den Server&#8230;.","protected":false},"author":1,"featured_media":0,"parent":0,"menu_order":0,"comment_status":"closed","ping_status":"closed","template":"","meta":{"footnotes":""},"class_list":["post-1264","page","type-page","status-publish","hentry"],"yoast_head":"<!-- This site is optimized with the Yoast SEO plugin v27.2 - https:\/\/yoast.com\/product\/yoast-seo-wordpress\/ -->\n<title>Privacy &amp; Cookies - Mode Raffeiner Meran<\/title>\n<meta name=\"robots\" content=\"index, follow, max-snippet:-1, max-image-preview:large, max-video-preview:-1\" \/>\n<link rel=\"canonical\" href=\"https:\/\/www.moderaffeiner.it\/it\/privacy-cookies\/\" \/>\n<meta property=\"og:locale\" content=\"it_IT\" \/>\n<meta property=\"og:type\" content=\"article\" \/>\n<meta property=\"og:title\" content=\"Privacy &amp; Cookies - Mode Raffeiner Meran\" \/>\n<meta property=\"og:description\" content=\"Was sind Cookies? Ein Cookie ist eine Textinformation, die die besuchte Website \u00fcber den Browser im Rechner des Betrachters platziert. Der Cookie wird entweder vom Webserver an den gesendet oder von einem Skript in der Website erzeugt. Der Client sendet die Cookie-Information bei sp\u00e4teren, neuen Besuchen dieser Seite mit jeder Anforderung wieder an den Server....\" \/>\n<meta property=\"og:url\" content=\"https:\/\/www.moderaffeiner.it\/it\/privacy-cookies\/\" \/>\n<meta property=\"og:site_name\" content=\"Mode Raffeiner Meran\" \/>\n<meta property=\"article:modified_time\" content=\"2024-01-23T08:54:44+00:00\" \/>\n<meta name=\"twitter:card\" content=\"summary_large_image\" \/>\n<meta name=\"twitter:label1\" content=\"Tempo di lettura stimato\" \/>\n\t<meta name=\"twitter:data1\" content=\"5 minuti\" \/>\n<script type=\"application\/ld+json\" class=\"yoast-schema-graph\">{\"@context\":\"https:\/\/schema.org\",\"@graph\":[{\"@type\":\"WebPage\",\"@id\":\"https:\/\/www.moderaffeiner.it\/it\/privacy-cookies\/\",\"url\":\"https:\/\/www.moderaffeiner.it\/it\/privacy-cookies\/\",\"name\":\"Privacy & Cookies - Mode Raffeiner Meran\",\"isPartOf\":{\"@id\":\"https:\/\/www.moderaffeiner.it\/#website\"},\"datePublished\":\"2017-05-27T14:44:46+00:00\",\"dateModified\":\"2024-01-23T08:54:44+00:00\",\"breadcrumb\":{\"@id\":\"https:\/\/www.moderaffeiner.it\/it\/privacy-cookies\/#breadcrumb\"},\"inLanguage\":\"it-IT\",\"potentialAction\":[{\"@type\":\"ReadAction\",\"target\":[\"https:\/\/www.moderaffeiner.it\/it\/privacy-cookies\/\"]}]},{\"@type\":\"BreadcrumbList\",\"@id\":\"https:\/\/www.moderaffeiner.it\/it\/privacy-cookies\/#breadcrumb\",\"itemListElement\":[{\"@type\":\"ListItem\",\"position\":1,\"name\":\"Startseite\",\"item\":\"https:\/\/www.moderaffeiner.it\/it\/\"},{\"@type\":\"ListItem\",\"position\":2,\"name\":\"Privacy &#038; Cookies\"}]},{\"@type\":\"WebSite\",\"@id\":\"https:\/\/www.moderaffeiner.it\/#website\",\"url\":\"https:\/\/www.moderaffeiner.it\/\",\"name\":\"Mode Raffeiner Meran\",\"description\":\"Wir zeigen Gr\u00f6\u00dfe von 42 bis 64\",\"potentialAction\":[{\"@type\":\"SearchAction\",\"target\":{\"@type\":\"EntryPoint\",\"urlTemplate\":\"https:\/\/www.moderaffeiner.it\/?s={search_term_string}\"},\"query-input\":{\"@type\":\"PropertyValueSpecification\",\"valueRequired\":true,\"valueName\":\"search_term_string\"}}],\"inLanguage\":\"it-IT\"}]}<\/script>\n<!-- \/ Yoast SEO plugin. -->","yoast_head_json":{"title":"Privacy & Cookies - Mode Raffeiner Meran","robots":{"index":"index","follow":"follow","max-snippet":"max-snippet:-1","max-image-preview":"max-image-preview:large","max-video-preview":"max-video-preview:-1"},"canonical":"https:\/\/www.moderaffeiner.it\/it\/privacy-cookies\/","og_locale":"it_IT","og_type":"article","og_title":"Privacy & Cookies - Mode Raffeiner Meran","og_description":"Was sind Cookies? Ein Cookie ist eine Textinformation, die die besuchte Website \u00fcber den Browser im Rechner des Betrachters platziert. Der Cookie wird entweder vom Webserver an den gesendet oder von einem Skript in der Website erzeugt. Der Client sendet die Cookie-Information bei sp\u00e4teren, neuen Besuchen dieser Seite mit jeder Anforderung wieder an den Server....","og_url":"https:\/\/www.moderaffeiner.it\/it\/privacy-cookies\/","og_site_name":"Mode Raffeiner Meran","article_modified_time":"2024-01-23T08:54:44+00:00","twitter_card":"summary_large_image","twitter_misc":{"Tempo di lettura stimato":"5 minuti"},"schema":{"@context":"https:\/\/schema.org","@graph":[{"@type":"WebPage","@id":"https:\/\/www.moderaffeiner.it\/it\/privacy-cookies\/","url":"https:\/\/www.moderaffeiner.it\/it\/privacy-cookies\/","name":"Privacy & Cookies - Mode Raffeiner Meran","isPartOf":{"@id":"https:\/\/www.moderaffeiner.it\/#website"},"datePublished":"2017-05-27T14:44:46+00:00","dateModified":"2024-01-23T08:54:44+00:00","breadcrumb":{"@id":"https:\/\/www.moderaffeiner.it\/it\/privacy-cookies\/#breadcrumb"},"inLanguage":"it-IT","potentialAction":[{"@type":"ReadAction","target":["https:\/\/www.moderaffeiner.it\/it\/privacy-cookies\/"]}]},{"@type":"BreadcrumbList","@id":"https:\/\/www.moderaffeiner.it\/it\/privacy-cookies\/#breadcrumb","itemListElement":[{"@type":"ListItem","position":1,"name":"Startseite","item":"https:\/\/www.moderaffeiner.it\/it\/"},{"@type":"ListItem","position":2,"name":"Privacy &#038; Cookies"}]},{"@type":"WebSite","@id":"https:\/\/www.moderaffeiner.it\/#website","url":"https:\/\/www.moderaffeiner.it\/","name":"Mode Raffeiner Meran","description":"Wir zeigen Gr\u00f6\u00dfe von 42 bis 64","potentialAction":[{"@type":"SearchAction","target":{"@type":"EntryPoint","urlTemplate":"https:\/\/www.moderaffeiner.it\/?s={search_term_string}"},"query-input":{"@type":"PropertyValueSpecification","valueRequired":true,"valueName":"search_term_string"}}],"inLanguage":"it-IT"}]}},"_links":{"self":[{"href":"https:\/\/www.moderaffeiner.it\/it\/wp-json\/wp\/v2\/pages\/1264","targetHints":{"allow":["GET"]}}],"collection":[{"href":"https:\/\/www.moderaffeiner.it\/it\/wp-json\/wp\/v2\/pages"}],"about":[{"href":"https:\/\/www.moderaffeiner.it\/it\/wp-json\/wp\/v2\/types\/page"}],"author":[{"embeddable":true,"href":"https:\/\/www.moderaffeiner.it\/it\/wp-json\/wp\/v2\/users\/1"}],"replies":[{"embeddable":true,"href":"https:\/\/www.moderaffeiner.it\/it\/wp-json\/wp\/v2\/comments?post=1264"}],"version-history":[{"count":3,"href":"https:\/\/www.moderaffeiner.it\/it\/wp-json\/wp\/v2\/pages\/1264\/revisions"}],"predecessor-version":[{"id":3440,"href":"https:\/\/www.moderaffeiner.it\/it\/wp-json\/wp\/v2\/pages\/1264\/revisions\/3440"}],"wp:attachment":[{"href":"https:\/\/www.moderaffeiner.it\/it\/wp-json\/wp\/v2\/media?parent=1264"}],"curies":[{"name":"wp","href":"https:\/\/api.w.org\/{rel}","templated":true}]}}