{"id":184,"date":"2019-02-02T00:05:08","date_gmt":"2019-02-01T23:05:08","guid":{"rendered":"https:\/\/www.moderaffeiner.it\/shop\/?page_id=184"},"modified":"2022-10-12T23:43:02","modified_gmt":"2022-10-12T21:43:02","slug":"versand","status":"publish","type":"page","link":"https:\/\/www.moderaffeiner.it\/shop\/it\/versand\/","title":{"rendered":"Spedizione"},"content":{"rendered":"\n<p>SPEDIZIONI E TEMPI DI CONSEGNA<\/p>\n\n\n\n<p><strong>1)&nbsp; Ordini dall&#8217;Italia<\/strong><\/p>\n\n\n\n<p>Noi consegnamo tramite corriere espresso direttamente a casa Sua. Spediamo in tutta Italia al costo di <strong>8,90 Euro.<\/strong> A partire da un <strong>valore carrello di 100 Euro la spedizione a domicilio \u00e8 gratis<\/strong>. Di norma le ordinazioni in arrivo vengono elaborate e spedite entro 24 ore. Il nostro partner di spedizione recapita la merce ordinata sul territorio nazionale in 24-98 ore per tutti gli articolo segnalati sulla pagina dettaglio prodotto con &#8220;consegna in 1-4 giorni&#8221; lavorativi.&nbsp;Per evitare ritardi nella consegna il nostro partner di spedizione necessita di un Suo numero di telefono per poterLa contattare telefonicamente (vedi campo obbligatorio nel carrello). Per lo stesso motivo sarebbe molto utile anche l&#8217;indicazione di un Suo indirizzo dove il corriere riesce a trovarla durante le ore lavorative.<br> Le ordinazioni vengono consegnate solo nel momento in cui \u00e9 gi\u00e1 stata pagata la spedizione precedente. La merce rimane in possesso della Mode Raffeiener fino al completo pagamento.<\/p>\n\n\n\n<p>Zona 1 : Italia&nbsp;&nbsp;&nbsp; 8,90 \u20ac (spedizione gratis a partire da 100,00 \u20ac) &nbsp;&#8211; tempi di consegna a partire dalla spedizione 1-3 &nbsp;giorni lavorativi<\/p>\n\n\n\n<p>Attualmente le\ninformazioni riguardanti il nostro negozio online sono disponibili in tedesco e\nin italiano. Decliniamo ogni responsabilit\u00e1 per eventuali malintesi a causa di\nscarse conoscenze linguistiche.<\/p>\n\n\n\n<p><\/p>\n\n\n\n<p><strong>2) Ordini dall&#8217;estero<\/strong><\/p>\n\n\n\n<p>Al momento consegnamo nei seguenti paesi. La\ncorrispondente somma forfettaria di trasporto \u00e9 da apprendere dalla tabella\nsotto indicata:<\/p>\n\n\n\n<p>Zone 2 : Germania, Austria&nbsp;&nbsp;&nbsp; 9,90 \u20ac (spedizione gratis a partire da 100,00 \u20ac) &#8211; tempi di consegna a partire dalla spedizione 1-3 &nbsp;giorni lavorativ<\/p>\n\n\n\n<p> <strong>3) Ritardo nella consegna e mancata disponibilit\u00e1 della merce<\/strong><\/p>\n\n\n\n<p>In casi\neccezionali pu\u00f3 verificarsi un ritardo nella consegna, vale a adire la merce\ndesiderata non \u00e9 pi\u00fa disponibile. In questi casi il cliente verr\u00e1 contattato\nimmediatamente. Ci riserviamo il diritto di svolgere consegne parziali.<\/p>\n\n\n\n<p><br><strong>4) Danni alla consegna<\/strong><\/p>\n\n\n\n<p>Dopo aver ricevuto\nil pacco La preghiamo di controllare la merce. Se dovesse essere danneggiata,\nLa preghiamo di fare immediatamente delle reclamazioni al corriere. In ogni\ncaso La preghiamo di contattare anche noi: <a href=\"mailto:info@moderaffeiner.it\">info@moderaffeiner.it<\/a> . <\/p>\n\n\n\n<p><\/p>\n\n\n\n<p><strong>5) Articoli mancanti e reclami <\/strong><\/p>\n\n\n\n<p>Ci sono vari motivi perch\u00e9 un prodotto potrebbe mancare dal Suo pacco:<br>&#8211; Uno (o pi\u00f9) degli articoli era disponibile al momento in cui \u00e8 stato piazzato l\u2019ordine, ma abbiamo dovuto cancellarlo.<br>&#8211;  La Sua spedizione \u00e8 stata spartita su pi\u00f9 pacchi. Non sempre tutti i pacchi sono consegnati allo stesso tempo, eventualmente gli articoli   <br>    mancanti seguiranno in un\u2019ulteriore consegna.<\/p>\n\n\n\n<p>Se non \u00e8 soddisfatto\/a con la Sua consegna, per esempio a causa di merce danneggiata o consegnata erroneamente, vorremmo indicarle il nostro servizio clienti, raggiungibile al numero 0473 \/ 236827 o all\u2019indirizzo email <a href=\"mailto:info@moderaffeiner.it\">info@moderaffeiner.it<\/a> .<\/p>\n","protected":false},"excerpt":{"rendered":"<p>SPEDIZIONI E TEMPI DI CONSEGNA 1)&nbsp; Ordini dall&#8217;Italia Noi consegnamo tramite corriere espresso direttamente a casa Sua. Spediamo in tutta Italia al costo di 8,90 Euro. A partire da un valore carrello di 100 Euro la spedizione a domicilio \u00e8 gratis. Di norma le ordinazioni in arrivo vengono elaborate e spedite entro 24 ore. Il [&hellip;]<\/p>\n","protected":false},"author":1,"featured_media":0,"parent":0,"menu_order":0,"comment_status":"closed","ping_status":"closed","template":"template-fullwidth.php","meta":{"jetpack_post_was_ever_published":false},"aioseo_notices":[],"jetpack_sharing_enabled":true,"jetpack_shortlink":"https:\/\/wp.me\/PaHyBw-2Y","jetpack-related-posts":[{"id":177,"url":"https:\/\/www.moderaffeiner.it\/shop\/it\/agb\/","url_meta":{"origin":184,"position":0},"title":"CGV","author":"raffeiner_shop","date":"1. Febbraio 2019","format":false,"excerpt":"[:de] ALLGEMEINE GESCH\u00c4FTSBEDINGUNGEN F\u00dcR DEN ONLINE-VERKAUF (B2C) Raffeiner KG des Raffeiner Klaus & Co, mit Sitz in 39012 Meran (BZ), Sparkassestrasse 19, MwSt-Nr. 00138860218, eingetragen im Handelsregister der Handelskammer Bozen, Eintrag VWV Nr. BZ \u2013 69527, E-Mail-Adresse: info@moderaffeiner.it, Tel.: 0039 0473 236827, Fax: 0039 0473 879723, in Person des gesetzlichen\u2026","rel":"","context":"Articolo simile","block_context":{"text":"Articolo simile","link":""},"img":{"alt_text":"","src":"","width":0,"height":0},"classes":[]},{"id":182,"url":"https:\/\/www.moderaffeiner.it\/shop\/it\/zahlung\/","url_meta":{"origin":184,"position":1},"title":"Pagamenti","author":"raffeiner_shop","date":"1. Febbraio 2019","format":false,"excerpt":"[:de] Zahlungsarten Folgende Zahlungsarten bieten wir an: 1. Vorkasse (Bank\u00fcberweisung) Kontoinhaber: Raffeiner KG des Raffeiner Klaus & Co Bank: S\u00fcdtiroler Sparkasse AG, Niederlassung Meran IBAN: IT40 N060 4558 5900 0000 0880901 BIC: CRBZIT 2B020 WICHITG! Geben Sie als \u00dcberweisungsgrund immer die in der Auftragsbest\u00e4tigung erhaltene Bestellnummer an. Andernfalls kann eine\u2026","rel":"","context":"Articolo simile","block_context":{"text":"Articolo simile","link":""},"img":{"alt_text":"","src":"","width":0,"height":0},"classes":[]},{"id":6,"url":"https:\/\/www.moderaffeiner.it\/shop\/it\/warenkorb\/","url_meta":{"origin":184,"position":2},"title":"CARRELLO","author":"raffeiner_shop","date":"25. Gennaio 2019","format":false,"excerpt":"[:de][:it][:]","rel":"","context":"Articolo simile","block_context":{"text":"Articolo simile","link":""},"img":{"alt_text":"","src":"","width":0,"height":0},"classes":[]}],"_links":{"self":[{"href":"https:\/\/www.moderaffeiner.it\/shop\/it\/wp-json\/wp\/v2\/pages\/184"}],"collection":[{"href":"https:\/\/www.moderaffeiner.it\/shop\/it\/wp-json\/wp\/v2\/pages"}],"about":[{"href":"https:\/\/www.moderaffeiner.it\/shop\/it\/wp-json\/wp\/v2\/types\/page"}],"author":[{"embeddable":true,"href":"https:\/\/www.moderaffeiner.it\/shop\/it\/wp-json\/wp\/v2\/users\/1"}],"replies":[{"embeddable":true,"href":"https:\/\/www.moderaffeiner.it\/shop\/it\/wp-json\/wp\/v2\/comments?post=184"}],"version-history":[{"count":11,"href":"https:\/\/www.moderaffeiner.it\/shop\/it\/wp-json\/wp\/v2\/pages\/184\/revisions"}],"predecessor-version":[{"id":1535,"href":"https:\/\/www.moderaffeiner.it\/shop\/it\/wp-json\/wp\/v2\/pages\/184\/revisions\/1535"}],"wp:attachment":[{"href":"https:\/\/www.moderaffeiner.it\/shop\/it\/wp-json\/wp\/v2\/media?parent=184"}],"curies":[{"name":"wp","href":"https:\/\/api.w.org\/{rel}","templated":true}]}}