{"id":182,"date":"2019-02-01T23:58:18","date_gmt":"2019-02-01T22:58:18","guid":{"rendered":"https:\/\/www.moderaffeiner.it\/shop\/?page_id=182"},"modified":"2022-10-12T23:52:33","modified_gmt":"2022-10-12T21:52:33","slug":"zahlung","status":"publish","type":"page","link":"https:\/\/www.moderaffeiner.it\/shop\/zahlung\/","title":{"rendered":"Zahlung"},"content":{"rendered":"\n<h3 class=\"wp-block-heading\"><strong>Zahlungsarten<\/strong><\/h3>\n\n\n\n<p>Folgende Zahlungsarten bieten wir an:<\/p>\n\n\n\n<p><br>\n<strong>1. Vorkasse (Bank\u00fcberweisung)<\/strong><\/p>\n\n\n\n<p>Kontoinhaber: Raffeiner KG des Raffeiner Klaus &#038; Co <br> Bank: S\u00fcdtiroler Sparkasse AG, Niederlassung Meran<br> IBAN: IT40 N060 4558 5900 0000 0880901<br> BIC: CRBZIT 2B020<\/p>\n\n\n\n<p>WICHITG! Geben Sie als \u00dcberweisungsgrund immer die in\nder Auftragsbest\u00e4tigung erhaltene Bestellnummer an. Andernfalls kann eine\nZuordnung der Zahlung nicht garantiert werden.<\/p>\n\n\n\n<p>Bitte beachten Sie: Die Reservierung der Ware erfolgt\nerst mit Eingang der kompletten Zahlung. \u00dcberweisungen (auch online) k\u00f6nnen 1-3\nWerktage ben\u00f6tigen bis sie verarbeitet sind. <\/p>\n\n\n\n<p><strong>2.\nKreditkarte<\/strong><\/p>\n\n\n\n<p>Wir\nakzeptieren Eurocard\/Mastercard und Visa. Wir ben\u00f6tigen folgende Daten von\nIhnen: Kartennummer, G\u00fcltigkeit, Kreditkartengesellschaft sowie die Pr\u00fcfziffer\nIhrer Kreditkarte. Die Pr\u00fcfziffer ist eine dreistellige Nummer Ihrer Karte\nwelche bei Eurocard\/Mastercard und Visa auf der R\u00fcckseite befindet. Diese\ngew\u00e4hrleistet die Zahlungssicherheit im Internet.<\/p>\n\n\n\n<p>Je nach\nKreditkarteneinstellungen kann auch der 3D-Secure Code abgefragt werden,\nwelcher Ihnen zus\u00e4tzlichen Schutz bei Onlineeink\u00e4ufen sichert. Diesen erhalten\nSie normalerweise per SMS direkt vom Kreditkarteninstitut.<\/p>\n\n\n\n<p><strong>3. PayPal<\/strong><\/p>\n\n\n\n<p>Bei der\nBezahlung mit PayPal werden Sie direkt auf die Seite von PayPal weitergeleitet.\nMelden Sie sich mit Ihren Daten an und best\u00e4tigen Sie den Zahlungsvorgang. Ihr\nPayPal Konto wird sofort belastet. <\/p>\n\n\n\n<p><strong>4. Abholung\nim Gesch\u00e4ft \/ Barbezahlung bei Abholung<\/strong><\/p>\n\n\n\n<p>Gerne k\u00f6nnen Sie Ihre bestellte Ware auch direkt in einem unserem Gesch\u00e4ft abholen und dort bequem bezahlen.<\/p>\n\n\n\n<p><\/p>\n\n\n\n<p>Ihre Anmeldung wird verschl\u00fcsselt \u00fcbertragen (128-Bit-Verschl\u00fcsselung \u00fcber SSL) und auf gesch\u00fctzten Servern gespeichert, so dass Ihre pers\u00f6nlichen Daten gesichert sind. Aus Sicherheitsgr\u00fcnden empfehlen wir Ihnen, Ihr pers\u00f6nliches Passwort nicht an Dritte weiterzugeben.<\/p>\n","protected":false},"excerpt":{"rendered":"<p>Zahlungsarten Folgende Zahlungsarten bieten wir an: 1. Vorkasse (Bank\u00fcberweisung) Kontoinhaber: Raffeiner KG des Raffeiner Klaus &#038; Co Bank: S\u00fcdtiroler Sparkasse AG, Niederlassung Meran IBAN: IT40 N060 4558 5900 0000 0880901 BIC: CRBZIT 2B020 WICHITG! Geben Sie als \u00dcberweisungsgrund immer die in der Auftragsbest\u00e4tigung erhaltene Bestellnummer an. Andernfalls kann eine Zuordnung der Zahlung nicht garantiert werden. [&hellip;]<\/p>\n","protected":false},"author":1,"featured_media":0,"parent":0,"menu_order":0,"comment_status":"closed","ping_status":"closed","template":"template-fullwidth.php","meta":{"jetpack_post_was_ever_published":false},"aioseo_notices":[],"jetpack_sharing_enabled":true,"jetpack_shortlink":"https:\/\/wp.me\/PaHyBw-2W","jetpack-related-posts":[{"id":177,"url":"https:\/\/www.moderaffeiner.it\/shop\/agb\/","url_meta":{"origin":182,"position":0},"title":"AGB","author":"raffeiner_shop","date":"1. Februar 2019","format":false,"excerpt":"[:de] ALLGEMEINE GESCH\u00c4FTSBEDINGUNGEN F\u00dcR DEN ONLINE-VERKAUF (B2C) Raffeiner KG des Raffeiner Klaus & Co, mit Sitz in 39012 Meran (BZ), Sparkassestrasse 19, MwSt-Nr. 00138860218, eingetragen im Handelsregister der Handelskammer Bozen, Eintrag VWV Nr. BZ \u2013 69527, E-Mail-Adresse: info@moderaffeiner.it, Tel.: 0039 0473 236827, Fax: 0039 0473 879723, in Person des gesetzlichen\u2026","rel":"","context":"\u00c4hnlicher Beitrag","block_context":{"text":"\u00c4hnlicher Beitrag","link":""},"img":{"alt_text":"","src":"","width":0,"height":0},"classes":[]},{"id":184,"url":"https:\/\/www.moderaffeiner.it\/shop\/versand\/","url_meta":{"origin":182,"position":1},"title":"Versand","author":"raffeiner_shop","date":"2. Februar 2019","format":false,"excerpt":"[:de] 1) Bestellungen aus Italien Wir liefern per Expresskurier direkt zu Ihnen nach Hause. F\u00fcr den Versand an Adressen in Italien versenden wir f\u00fcr 8,90 Euro Versandkosten. Ab einem Warenkorbwert von 100 Euro ist die Zustellung in Italien kostenlos. Um Ihnen die Bestellungen schnellstm\u00f6glich und ohne Zwischenf\u00e4lle zukommen zu lassen,\u2026","rel":"","context":"\u00c4hnlicher Beitrag","block_context":{"text":"\u00c4hnlicher Beitrag","link":""},"img":{"alt_text":"","src":"","width":0,"height":0},"classes":[]},{"id":6,"url":"https:\/\/www.moderaffeiner.it\/shop\/warenkorb\/","url_meta":{"origin":182,"position":2},"title":"Warenkorb","author":"raffeiner_shop","date":"25. Januar 2019","format":false,"excerpt":"[:de][:it][:]","rel":"","context":"\u00c4hnlicher Beitrag","block_context":{"text":"\u00c4hnlicher Beitrag","link":""},"img":{"alt_text":"","src":"","width":0,"height":0},"classes":[]},{"id":7,"url":"https:\/\/www.moderaffeiner.it\/shop\/kasse\/","url_meta":{"origin":182,"position":3},"title":"Kasse","author":"raffeiner_shop","date":"25. Januar 2019","format":false,"excerpt":"[:de][:it][:]","rel":"","context":"\u00c4hnlicher Beitrag","block_context":{"text":"\u00c4hnlicher Beitrag","link":""},"img":{"alt_text":"","src":"","width":0,"height":0},"classes":[]},{"id":206,"url":"https:\/\/www.moderaffeiner.it\/shop\/damen\/","url_meta":{"origin":182,"position":4},"title":"Damen","author":"raffeiner_shop","date":"2. Februar 2019","format":false,"excerpt":"[:de] [:it] [:]","rel":"","context":"\u00c4hnlicher Beitrag","block_context":{"text":"\u00c4hnlicher Beitrag","link":""},"img":{"alt_text":"","src":"","width":0,"height":0},"classes":[]},{"id":211,"url":"https:\/\/www.moderaffeiner.it\/shop\/herren\/","url_meta":{"origin":182,"position":5},"title":"Herren","author":"raffeiner_shop","date":"2. Februar 2019","format":false,"excerpt":"[:de] [:it] [:]","rel":"","context":"\u00c4hnlicher Beitrag","block_context":{"text":"\u00c4hnlicher Beitrag","link":""},"img":{"alt_text":"","src":"","width":0,"height":0},"classes":[]}],"_links":{"self":[{"href":"https:\/\/www.moderaffeiner.it\/shop\/wp-json\/wp\/v2\/pages\/182"}],"collection":[{"href":"https:\/\/www.moderaffeiner.it\/shop\/wp-json\/wp\/v2\/pages"}],"about":[{"href":"https:\/\/www.moderaffeiner.it\/shop\/wp-json\/wp\/v2\/types\/page"}],"author":[{"embeddable":true,"href":"https:\/\/www.moderaffeiner.it\/shop\/wp-json\/wp\/v2\/users\/1"}],"replies":[{"embeddable":true,"href":"https:\/\/www.moderaffeiner.it\/shop\/wp-json\/wp\/v2\/comments?post=182"}],"version-history":[{"count":6,"href":"https:\/\/www.moderaffeiner.it\/shop\/wp-json\/wp\/v2\/pages\/182\/revisions"}],"predecessor-version":[{"id":1537,"href":"https:\/\/www.moderaffeiner.it\/shop\/wp-json\/wp\/v2\/pages\/182\/revisions\/1537"}],"wp:attachment":[{"href":"https:\/\/www.moderaffeiner.it\/shop\/wp-json\/wp\/v2\/media?parent=182"}],"curies":[{"name":"wp","href":"https:\/\/api.w.org\/{rel}","templated":true}]}}